{"id":1751,"date":"2019-12-12T19:28:31","date_gmt":"2019-12-12T18:28:31","guid":{"rendered":"https:\/\/larart.dantzaz.eus\/contacto\/"},"modified":"2019-12-12T21:09:39","modified_gmt":"2019-12-12T20:09:39","slug":"contacto","status":"publish","type":"page","link":"https:\/\/larart.dantzaz.eus\/es\/contacto\/","title":{"rendered":"Contacto"},"content":{"rendered":"<p><div class=\"fusion-fullwidth fullwidth-box fusion-builder-row-1 fusion-parallax-none nonhundred-percent-fullwidth non-hundred-percent-height-scrolling lazyload\"  style='background-color: #353535;background-position: center center;background-repeat: no-repeat;padding-top:20px;padding-right:0px;padding-bottom:50px;padding-left:0px;-webkit-background-size:cover;-moz-background-size:cover;-o-background-size:cover;background-size:cover;' data-bg=\"https:\/\/larart.dantzaz.eus\/wp-content\/uploads\/2019\/11\/larart-kontaktua-basoa-.png\"><div class=\"fusion-builder-row fusion-row \"><div  class=\"fusion-layout-column fusion_builder_column fusion_builder_column_1_6 fusion-builder-column-1 fusion-one-sixth fusion-column-first fusion-no-small-visibility 1_6\"  style='margin-top:0px;margin-bottom:0px;width:13.3333%; margin-right: 4%;'>\n\t\t\t\t\t<div class=\"fusion-column-wrapper\" style=\"padding: 0px 0px 0px 0px;background-position:left top;background-repeat:no-repeat;-webkit-background-size:cover;-moz-background-size:cover;-o-background-size:cover;background-size:cover;\"   data-bg-url=\"\">\n\t\t\t\t\t\t<div class=\"fusion-clearfix\"><\/div>\n\n\t\t\t\t\t<\/div>\n\t\t\t\t<\/div><div  class=\"fusion-layout-column fusion_builder_column fusion_builder_column_2_3 fusion-builder-column-2 fusion-two-third 2_3\"  style='margin-top:0px;margin-bottom:0px;width:65.3333%; margin-right: 4%;'>\n\t\t\t\t\t<div class=\"fusion-column-wrapper\" style=\"padding: 0px 0px 0px 0px;background-position:left top;background-repeat:no-repeat;-webkit-background-size:cover;-moz-background-size:cover;-o-background-size:cover;background-size:cover;\"   data-bg-url=\"\">\n\t\t\t\t\t\t<div class=\"fusion-sep-clear\"><\/div><div class=\"fusion-separator fusion-full-width-sep sep-single\" style=\"border-color:rgba(68,78,99,0);border-top-width:2px;margin-left: auto;margin-right: auto;margin-top:20px;\"><\/div><div class=\"fusion-sep-clear\"><\/div><div class=\"fusion-separator fusion-full-width-sep sep-none\" style=\"margin-left: auto;margin-right: auto;margin-top:15px;margin-bottom:15px;\"><\/div><div class=\"fusion-text\"><h3 style=\"text-align: center;\">Contacto<\/h3>\n<\/div><div class=\"fusion-clearfix\"><\/div>\n\n\t\t\t\t\t<\/div>\n\t\t\t\t<\/div><div  class=\"fusion-layout-column fusion_builder_column fusion_builder_column_1_6 fusion-builder-column-3 fusion-one-sixth fusion-column-last fusion-no-small-visibility 1_6\"  style='margin-top:0px;margin-bottom:0px;width:13.3333%'>\n\t\t\t\t\t<div class=\"fusion-column-wrapper\" style=\"padding: 0px 0px 0px 0px;background-position:left top;background-repeat:no-repeat;-webkit-background-size:cover;-moz-background-size:cover;-o-background-size:cover;background-size:cover;\"   data-bg-url=\"\">\n\t\t\t\t\t\t<div class=\"fusion-clearfix\"><\/div>\n\n\t\t\t\t\t<\/div>\n\t\t\t\t<\/div><\/div><\/div><div class=\"fusion-fullwidth fullwidth-box fusion-builder-row-2 nonhundred-percent-fullwidth non-hundred-percent-height-scrolling\"  style='background-color: rgba(255,255,255,0);background-position: center center;background-repeat: no-repeat;padding-top:80px;padding-right:0px;padding-bottom:90px;padding-left:0px;'><div class=\"fusion-builder-row fusion-row \"><div  class=\"fusion-layout-column fusion_builder_column fusion_builder_column_1_6 fusion-builder-column-4 fusion-one-sixth fusion-column-first fusion-no-small-visibility 1_6\"  style='margin-top:0px;margin-bottom:0px;width:16.66%;width:calc(16.66% - ( ( 4% + 4% ) * 0.1666 ) );margin-right: 4%;'>\n\t\t\t\t\t<div class=\"fusion-column-wrapper\" style=\"padding: 0px 0px 0px 0px;background-position:left top;background-repeat:no-repeat;-webkit-background-size:cover;-moz-background-size:cover;-o-background-size:cover;background-size:cover;\"   data-bg-url=\"\">\n\t\t\t\t\t\t<div class=\"fusion-clearfix\"><\/div>\n\n\t\t\t\t\t<\/div>\n\t\t\t\t<\/div><div  class=\"fusion-layout-column fusion_builder_column fusion_builder_column_2_3 fusion-builder-column-5 fusion-two-third 2_3\"  style='margin-top:0px;margin-bottom:0px;width:66.66%;width:calc(66.66% - ( ( 4% + 4% ) * 0.6666 ) );margin-right: 4%;'>\n\t\t\t\t\t<div class=\"fusion-column-wrapper\" style=\"padding: 0px 0px 0px 0px;background-position:left top;background-repeat:no-repeat;-webkit-background-size:cover;-moz-background-size:cover;-o-background-size:cover;background-size:cover;\"   data-bg-url=\"\">\n\t\t\t\t\t\t\n<div class=\"wpcf7 no-js\" id=\"wpcf7-f1757-o1\" lang=\"es-ES\" dir=\"ltr\" data-wpcf7-id=\"1757\">\n<div class=\"screen-reader-response\"><p role=\"status\" aria-live=\"polite\" aria-atomic=\"true\"><\/p> <ul><\/ul><\/div>\n<form action=\"\/es\/wp-json\/wp\/v2\/pages\/1751#wpcf7-f1757-o1\" method=\"post\" class=\"wpcf7-form init\" aria-label=\"Formulario de contacto\" novalidate=\"novalidate\" data-status=\"init\">\n<fieldset class=\"hidden-fields-container\"><input type=\"hidden\" name=\"_wpcf7\" value=\"1757\" \/><input type=\"hidden\" name=\"_wpcf7_version\" value=\"6.1.5\" \/><input type=\"hidden\" name=\"_wpcf7_locale\" value=\"es_ES\" \/><input type=\"hidden\" name=\"_wpcf7_unit_tag\" value=\"wpcf7-f1757-o1\" \/><input type=\"hidden\" name=\"_wpcf7_container_post\" value=\"0\" \/><input type=\"hidden\" name=\"_wpcf7_posted_data_hash\" value=\"\" \/>\n<\/fieldset>\n<p><label> Nombre (requerido)<br \/>\n<span class=\"wpcf7-form-control-wrap\" data-name=\"your-name\"><input size=\"40\" maxlength=\"400\" class=\"wpcf7-form-control wpcf7-text wpcf7-validates-as-required\" aria-required=\"true\" aria-invalid=\"false\" value=\"\" type=\"text\" name=\"your-name\" \/><\/span> <\/label>\n<\/p>\n<p><label> Email (requerido)<br \/>\n<span class=\"wpcf7-form-control-wrap\" data-name=\"your-email\"><input size=\"40\" maxlength=\"400\" class=\"wpcf7-form-control wpcf7-email wpcf7-validates-as-required wpcf7-text wpcf7-validates-as-email\" aria-required=\"true\" aria-invalid=\"false\" value=\"\" type=\"email\" name=\"your-email\" \/><\/span> <\/label>\n<\/p>\n<p><label> Asunto<br \/>\n<span class=\"wpcf7-form-control-wrap\" data-name=\"your-subject\"><input size=\"40\" maxlength=\"400\" class=\"wpcf7-form-control wpcf7-text\" aria-invalid=\"false\" value=\"\" type=\"text\" name=\"your-subject\" \/><\/span> <\/label>\n<\/p>\n<p><label> Mensaje<br \/>\n<span class=\"wpcf7-form-control-wrap\" data-name=\"your-message\"><textarea cols=\"40\" rows=\"10\" maxlength=\"2000\" class=\"wpcf7-form-control wpcf7-textarea\" aria-invalid=\"false\" name=\"your-message\"><\/textarea><\/span> <\/label>\n<\/p>\n<p><input class=\"wpcf7-form-control wpcf7-submit has-spinner\" type=\"submit\" value=\"Enviar\" \/>\n<\/p><p style=\"display: none !important;\" class=\"akismet-fields-container\" data-prefix=\"_wpcf7_ak_\"><label>&#916;<textarea name=\"_wpcf7_ak_hp_textarea\" cols=\"45\" rows=\"8\" maxlength=\"100\"><\/textarea><\/label><input type=\"hidden\" id=\"ak_js_1\" name=\"_wpcf7_ak_js\" value=\"116\"\/><script>document.getElementById( \"ak_js_1\" ).setAttribute( \"value\", ( new Date() ).getTime() );<\/script><\/p><div class=\"fusion-alert alert custom alert-custom fusion-alert-center wpcf7-response-output fusion-alert-capitalize\" style=\"border-width:1px;\"><div class=\"fusion-alert-content-wrapper\"><span class=\"fusion-alert-content\"><\/span><\/div><\/div>\n<\/form>\n<\/div>\n<div class=\"fusion-button-wrapper fusion-alignleft\"><style type=\"text\/css\">.fusion-button.button-1 .fusion-button-text, .fusion-button.button-1 i {color:#ffffff;}.fusion-button.button-1 .fusion-button-icon-divider{border-color:#ffffff;}.fusion-button.button-1:hover .fusion-button-text, .fusion-button.button-1:hover i,.fusion-button.button-1:focus .fusion-button-text, .fusion-button.button-1:focus i,.fusion-button.button-1:active .fusion-button-text, .fusion-button.button-1:active{color:#787878;}.fusion-button.button-1:hover .fusion-button-icon-divider, .fusion-button.button-1:hover .fusion-button-icon-divider, .fusion-button.button-1:active .fusion-button-icon-divider{border-color:#787878;}.fusion-button.button-1:hover, .fusion-button.button-1:focus, .fusion-button.button-1:active{border-color:rgba(127,171,172,0);}.fusion-button.button-1 {border-color:rgba(127,171,172,0);border-radius:1px;}.fusion-button.button-1{background: #7fabac;}.fusion-button.button-1:hover,.button-1:focus,.fusion-button.button-1:active{background: #7fabac;}.fusion-button.button-1 .fusion-button-text {text-transform:none;}<\/style><a class=\"fusion-button button-flat button-small button-custom button-1 fusion-button-default-span \" target=\"_self\" href=\"#\" data-toggle=\"modal\" data-target=\".fusion-modal.datos\"><span class=\"fusion-button-text\">*Pol\u00edtica de protecci\u00f3n de datos<\/span><\/a><\/div><div class=\"fusion-modal modal fade modal-1 Pol\u00edtica de protecci\u00f3n de datos datos\" tabindex=\"-1\" role=\"dialog\" aria-labelledby=\"modal-heading-1\" aria-hidden=\"true\" id=\"datos\"><style type=\"text\/css\">.modal-1 .modal-header, .modal-1 .modal-footer{border-color:rgba(255,255,255,0);}<\/style><div class=\"modal-dialog modal-lg\"><div class=\"modal-content fusion-modal-content\" style=\"background-color:#7fabac\"><div class=\"modal-header\"><button class=\"close\" type=\"button\" data-dismiss=\"modal\" aria-hidden=\"true\">&times;<\/button><h3 class=\"modal-title\" id=\"modal-heading-1\" data-dismiss=\"modal\" aria-hidden=\"true\">Pol\u00edtica de protecci\u00f3n de datos<\/h3><\/div><div class=\"modal-body fusion-clearfix\">\n<p class=\"p1\">En Larart tratamos la informaci\u00f3n que se nos facilita con el fin de responder consultas y prestar el servicio solicitado.<\/p>\n<p class=\"p1\">Los datos proporcionados se conservar\u00e1n durante el tiempo necesario para cumplir con las obligaciones legales y atender las posibles responsabilidades que pudieran derivar del cumplimiento de la finalidad para la que los datos fueron recabados.<\/p>\n<p class=\"p1\">Los datos no se ceder\u00e1n a terceros salvo en los casos en que exista una obligaci\u00f3n legal.<\/p>\n<p class=\"p1\">Usted tiene derecho a obtener informaci\u00f3n sobre si en Larart estamos tratando sus datos personales, por lo que puede ejercer sus derechos de acceso, rectificaci\u00f3n, supresi\u00f3n y portabilidad de datos y oposici\u00f3n y limitaci\u00f3n a su tratamiento ante Larart en la direcci\u00f3n de correo electr\u00f3nico info@larart.dantzaz.eus, adjuntando copia de su DNI o documento equivalente.<span class=\"Apple-converted-space\">\u00a0 <\/span><\/p>\n<p class=\"p1\">Asimismo, y especialmente si considera que no ha obtenido satisfacci\u00f3n plena en el ejercicio de sus derechos, podr\u00e1 presentar una reclamaci\u00f3n ante la autoridad auton\u00f3mica de control dirigi\u00e9ndose a estos efectos a la Agencia Vasca de Protecci\u00f3n de Datos, C\/ Beato Tom\u00e1s de Zum\u00e1rraga,\u00a0 71, 3\u00aa Planta de Vitoria &#8211; Gasteiz<\/p>\n<\/div><\/div><\/div><\/div><div class=\"fusion-clearfix\"><\/div>\n\n\t\t\t\t\t<\/div>\n\t\t\t\t<\/div><div  class=\"fusion-layout-column fusion_builder_column fusion_builder_column_1_6 fusion-builder-column-6 fusion-one-sixth fusion-column-last fusion-no-small-visibility 1_6\"  style='margin-top:0px;margin-bottom:0px;width:16.66%;width:calc(16.66% - ( ( 4% + 4% ) * 0.1666 ) );'>\n\t\t\t\t\t<div class=\"fusion-column-wrapper\" style=\"padding: 0px 0px 0px 0px;background-position:left top;background-repeat:no-repeat;-webkit-background-size:cover;-moz-background-size:cover;-o-background-size:cover;background-size:cover;\"   data-bg-url=\"\">\n\t\t\t\t\t\t<div class=\"fusion-clearfix\"><\/div>\n\n\t\t\t\t\t<\/div>\n\t\t\t\t<\/div><\/div><\/div><div class=\"fusion-fullwidth fullwidth-box fusion-builder-row-3 hundred-percent-fullwidth non-hundred-percent-height-scrolling\"  style='background-color: rgba(255,255,255,0);background-position: center center;background-repeat: no-repeat;'><div class=\"fusion-builder-row fusion-row \"><div  class=\"fusion-layout-column fusion_builder_column fusion_builder_column_1_1 fusion-builder-column-7 fusion-one-full fusion-column-first fusion-column-last 1_1\"  style='margin-top:0px;margin-bottom:0px;'>\n\t\t\t\t\t<div class=\"fusion-column-wrapper\" style=\"padding: 0px 0px 0px 0px;background-position:left top;background-repeat:no-repeat;-webkit-background-size:cover;-moz-background-size:cover;-o-background-size:cover;background-size:cover;\"   data-bg-url=\"\">\n\t\t\t\t\t\t<div class=\"fusion-image-carousel fusion-image-carousel-auto\"><div class=\"fusion-carousel\" data-autoplay=\"no\" data-columns=\"4\" data-itemmargin=\"0\" data-itemwidth=\"180\" data-touchscroll=\"no\" data-imagesize=\"auto\" data-scrollitems=\"1\"><div class=\"fusion-carousel-positioner\"><ul class=\"fusion-carousel-holder\"><li class=\"fusion-carousel-item\"><div class=\"fusion-carousel-item-wrapper\"><div class=\"fusion-image-wrapper hover-type-none\"><img decoding=\"async\" width=\"1000\" height=\"427\" src=\"https:\/\/larart.dantzaz.eus\/wp-content\/uploads\/2019\/11\/larart-basotik-itsasora-slider.jpg\" class=\"attachment-full size-full\" alt=\"\" srcset=\"https:\/\/larart.dantzaz.eus\/wp-content\/uploads\/2019\/11\/larart-basotik-itsasora-slider-200x85.jpg 200w, https:\/\/larart.dantzaz.eus\/wp-content\/uploads\/2019\/11\/larart-basotik-itsasora-slider-400x171.jpg 400w, https:\/\/larart.dantzaz.eus\/wp-content\/uploads\/2019\/11\/larart-basotik-itsasora-slider-600x256.jpg 600w, https:\/\/larart.dantzaz.eus\/wp-content\/uploads\/2019\/11\/larart-basotik-itsasora-slider-800x342.jpg 800w, https:\/\/larart.dantzaz.eus\/wp-content\/uploads\/2019\/11\/larart-basotik-itsasora-slider.jpg 1000w\" sizes=\"(min-width: 2200px) 100vw, (min-width: 856px) 313px, (min-width: 784px) 417px, (min-width: 712px) 625px, (min-width: 640px) 712px, \" \/><\/div><\/div><\/li><li class=\"fusion-carousel-item\"><div class=\"fusion-carousel-item-wrapper\"><div class=\"fusion-image-wrapper hover-type-none\"><img decoding=\"async\" width=\"1000\" height=\"427\" src=\"https:\/\/larart.dantzaz.eus\/wp-content\/uploads\/2019\/11\/larart-basoa-dantza-slider.jpg\" class=\"attachment-full size-full\" alt=\"\" srcset=\"https:\/\/larart.dantzaz.eus\/wp-content\/uploads\/2019\/11\/larart-basoa-dantza-slider-200x85.jpg 200w, https:\/\/larart.dantzaz.eus\/wp-content\/uploads\/2019\/11\/larart-basoa-dantza-slider-400x171.jpg 400w, https:\/\/larart.dantzaz.eus\/wp-content\/uploads\/2019\/11\/larart-basoa-dantza-slider-600x256.jpg 600w, https:\/\/larart.dantzaz.eus\/wp-content\/uploads\/2019\/11\/larart-basoa-dantza-slider-800x342.jpg 800w, https:\/\/larart.dantzaz.eus\/wp-content\/uploads\/2019\/11\/larart-basoa-dantza-slider.jpg 1000w\" sizes=\"(min-width: 2200px) 100vw, (min-width: 856px) 313px, (min-width: 784px) 417px, (min-width: 712px) 625px, (min-width: 640px) 712px, \" \/><\/div><\/div><\/li><li class=\"fusion-carousel-item\"><div class=\"fusion-carousel-item-wrapper\"><div class=\"fusion-image-wrapper hover-type-none\"><img decoding=\"async\" width=\"1000\" height=\"422\" src=\"https:\/\/larart.dantzaz.eus\/wp-content\/uploads\/2019\/11\/basotik-itsasora-dokumentala-gurs.png\" class=\"attachment-full size-full\" alt=\"Basotik itsasora dokumentala Gurs\" srcset=\"https:\/\/larart.dantzaz.eus\/wp-content\/uploads\/2019\/11\/basotik-itsasora-dokumentala-gurs-200x84.png 200w, https:\/\/larart.dantzaz.eus\/wp-content\/uploads\/2019\/11\/basotik-itsasora-dokumentala-gurs-400x169.png 400w, https:\/\/larart.dantzaz.eus\/wp-content\/uploads\/2019\/11\/basotik-itsasora-dokumentala-gurs-600x253.png 600w, https:\/\/larart.dantzaz.eus\/wp-content\/uploads\/2019\/11\/basotik-itsasora-dokumentala-gurs-800x338.png 800w, https:\/\/larart.dantzaz.eus\/wp-content\/uploads\/2019\/11\/basotik-itsasora-dokumentala-gurs.png 1000w\" sizes=\"(min-width: 2200px) 100vw, (min-width: 856px) 313px, (min-width: 784px) 417px, (min-width: 712px) 625px, (min-width: 640px) 712px, \" \/><\/div><\/div><\/li><li class=\"fusion-carousel-item\"><div class=\"fusion-carousel-item-wrapper\"><div class=\"fusion-image-wrapper hover-type-none\"><img decoding=\"async\" width=\"1000\" height=\"427\" src=\"https:\/\/larart.dantzaz.eus\/wp-content\/uploads\/2019\/11\/basotik-itsasora-dokumentala-foto.png\" class=\"attachment-full size-full\" alt=\"Basotik itsasora dokumentala foto old\" srcset=\"https:\/\/larart.dantzaz.eus\/wp-content\/uploads\/2019\/11\/basotik-itsasora-dokumentala-foto-200x85.png 200w, https:\/\/larart.dantzaz.eus\/wp-content\/uploads\/2019\/11\/basotik-itsasora-dokumentala-foto-400x171.png 400w, https:\/\/larart.dantzaz.eus\/wp-content\/uploads\/2019\/11\/basotik-itsasora-dokumentala-foto-600x256.png 600w, https:\/\/larart.dantzaz.eus\/wp-content\/uploads\/2019\/11\/basotik-itsasora-dokumentala-foto-800x342.png 800w, https:\/\/larart.dantzaz.eus\/wp-content\/uploads\/2019\/11\/basotik-itsasora-dokumentala-foto.png 1000w\" sizes=\"(min-width: 2200px) 100vw, (min-width: 856px) 313px, (min-width: 784px) 417px, (min-width: 712px) 625px, (min-width: 640px) 712px, \" \/><\/div><\/div><\/li><li class=\"fusion-carousel-item\"><div class=\"fusion-carousel-item-wrapper\"><div class=\"fusion-image-wrapper hover-type-none\"><img decoding=\"async\" width=\"1000\" height=\"422\" src=\"https:\/\/larart.dantzaz.eus\/wp-content\/uploads\/2019\/11\/basotik-itsasora-dokumentala-gigantofoto.png\" class=\"attachment-full size-full\" alt=\"Basotik itsasora dokumentala foto gigante\" srcset=\"https:\/\/larart.dantzaz.eus\/wp-content\/uploads\/2019\/11\/basotik-itsasora-dokumentala-gigantofoto-200x84.png 200w, https:\/\/larart.dantzaz.eus\/wp-content\/uploads\/2019\/11\/basotik-itsasora-dokumentala-gigantofoto-400x169.png 400w, https:\/\/larart.dantzaz.eus\/wp-content\/uploads\/2019\/11\/basotik-itsasora-dokumentala-gigantofoto-600x253.png 600w, https:\/\/larart.dantzaz.eus\/wp-content\/uploads\/2019\/11\/basotik-itsasora-dokumentala-gigantofoto-800x338.png 800w, https:\/\/larart.dantzaz.eus\/wp-content\/uploads\/2019\/11\/basotik-itsasora-dokumentala-gigantofoto.png 1000w\" sizes=\"(min-width: 2200px) 100vw, (min-width: 856px) 313px, (min-width: 784px) 417px, (min-width: 712px) 625px, (min-width: 640px) 712px, \" \/><\/div><\/div><\/li><\/ul><div class=\"fusion-carousel-nav\"><span class=\"fusion-nav-prev\"><\/span><span class=\"fusion-nav-next\"><\/span><\/div><\/div><\/div><\/div><div class=\"fusion-sep-clear\"><\/div><div class=\"fusion-separator fusion-full-width-sep sep-none\" style=\"margin-left: auto;margin-right: auto;margin-top:;margin-bottom:-50px;\"><\/div><div class=\"fusion-clearfix\"><\/div>\n\n\t\t\t\t\t<\/div>\n\t\t\t\t<\/div><\/div><\/div><\/p>\n","protected":false},"excerpt":{"rendered":"","protected":false},"author":1,"featured_media":0,"parent":0,"menu_order":0,"comment_status":"closed","ping_status":"closed","template":"100-width.php","meta":{"footnotes":""},"class_list":["post-1751","page","type-page","status-publish","hentry"],"_links":{"self":[{"href":"https:\/\/larart.dantzaz.eus\/es\/wp-json\/wp\/v2\/pages\/1751","targetHints":{"allow":["GET"]}}],"collection":[{"href":"https:\/\/larart.dantzaz.eus\/es\/wp-json\/wp\/v2\/pages"}],"about":[{"href":"https:\/\/larart.dantzaz.eus\/es\/wp-json\/wp\/v2\/types\/page"}],"author":[{"embeddable":true,"href":"https:\/\/larart.dantzaz.eus\/es\/wp-json\/wp\/v2\/users\/1"}],"replies":[{"embeddable":true,"href":"https:\/\/larart.dantzaz.eus\/es\/wp-json\/wp\/v2\/comments?post=1751"}],"version-history":[{"count":2,"href":"https:\/\/larart.dantzaz.eus\/es\/wp-json\/wp\/v2\/pages\/1751\/revisions"}],"predecessor-version":[{"id":1758,"href":"https:\/\/larart.dantzaz.eus\/es\/wp-json\/wp\/v2\/pages\/1751\/revisions\/1758"}],"wp:attachment":[{"href":"https:\/\/larart.dantzaz.eus\/es\/wp-json\/wp\/v2\/media?parent=1751"}],"curies":[{"name":"wp","href":"https:\/\/api.w.org\/{rel}","templated":true}]}}