{"id":1728,"date":"2019-12-12T19:01:26","date_gmt":"2019-12-12T18:01:26","guid":{"rendered":"https:\/\/larart.dantzaz.eus\/prensa\/"},"modified":"2019-12-13T07:30:33","modified_gmt":"2019-12-13T06:30:33","slug":"prensa","status":"publish","type":"page","link":"https:\/\/larart.dantzaz.eus\/es\/prensa\/","title":{"rendered":"Prensa"},"content":{"rendered":"<p><div class=\"fusion-fullwidth fullwidth-box fusion-builder-row-1 fusion-parallax-none nonhundred-percent-fullwidth non-hundred-percent-height-scrolling lazyload\"  style='background-color: rgba(255,255,255,0);background-position: center center;background-repeat: no-repeat;padding-top:65px;padding-right:0px;padding-bottom:86px;padding-left:0px;margin-top: 0px;-webkit-background-size:cover;-moz-background-size:cover;-o-background-size:cover;background-size:cover;' data-bg=\"https:\/\/larart.dantzaz.eus\/wp-content\/uploads\/2016\/08\/larart-prentsa-foto.png\"><div class=\"fusion-builder-row fusion-row \"><div  class=\"fusion-layout-column fusion_builder_column fusion_builder_column_1_1 fusion-builder-column-1 fusion-one-full fusion-column-first fusion-column-last 1_1\"  style='margin-top:0px;margin-bottom:0px;'>\n\t\t\t\t\t<div class=\"fusion-column-wrapper\" style=\"padding: 0px 0px 0px 0px;background-position:left top;background-repeat:no-repeat;-webkit-background-size:cover;-moz-background-size:cover;-o-background-size:cover;background-size:cover;\"   data-bg-url=\"\">\n\t\t\t\t\t\t<div class=\"fusion-text\"><h2 style=\"text-align: center;\">Prensa<\/h2>\n<\/div><div class=\"fusion-clearfix\"><\/div>\n\n\t\t\t\t\t<\/div>\n\t\t\t\t<\/div><\/div><\/div><div class=\"fusion-fullwidth fullwidth-box fusion-builder-row-2 nonhundred-percent-fullwidth non-hundred-percent-height-scrolling\"  style='background-color: #353535;background-position: left top;background-repeat: no-repeat;padding-top:110px;padding-right:0px;padding-bottom:120px;padding-left:0px;border-top-width:0px;border-bottom-width:0px;border-color:#ffffff;border-top-style:solid;border-bottom-style:solid;'><div class=\"fusion-builder-row fusion-row \"><div  class=\"fusion-layout-column fusion_builder_column fusion_builder_column_1_1 fusion-builder-column-2 fusion-one-full fusion-column-first fusion-column-last 1_1\"  style='margin-top:0px;margin-bottom:0px;'>\n\t\t\t\t\t<div class=\"fusion-column-wrapper\" style=\"padding: 0px 4% 0px 4%;background-position:left top;background-repeat:no-repeat;-webkit-background-size:cover;-moz-background-size:cover;-o-background-size:cover;background-size:cover;\"   data-bg-url=\"\">\n\t\t\t\t\t\t<style type=\"text\/css\">#accordion-1728-1 .fusion-panel:hover, #accordion-1728-1 .fusion-panel.hover{ background-color: #ffffff } #accordion-1728-1 .fusion-panel { border-color:#ffffff; border-width:0px; background-color:#ffffff; }.fusion-accordian  #accordion-1728-1 .panel-title a .fa-fusion-box{ color: #ffffff;}.fusion-accordian  #accordion-1728-1 .panel-title a .fa-fusion-box:before{ font-size: 13px; width: 13px;}.fusion-accordian  #accordion-1728-1 .panel-title a{font-size:17px;}.fusion-accordian  #accordion-1728-1 .fa-fusion-box { background-color: #323844;border-color: #323844;}.fusion-accordian  #accordion-1728-1 .panel-title a:hover, #accordion-1728-1 .fusion-toggle-boxed-mode:hover .panel-title a { color: #9e9e9e;}.fusion-accordian  #accordion-1728-1 .panel-title .active .fa-fusion-box,.fusion-accordian  #accordion-1728-1 .panel-title a:hover .fa-fusion-box { background-color: #9e9e9e!important;border-color: #9e9e9e!important;}<\/style><div class=\"accordian fusion-accordian\"><div class=\"panel-group\" id=\"accordion-1728-1\" role=\"tablist\"><div class=\"fusion-panel panel-default fusion-toggle-no-divider fusion-toggle-boxed-mode\" role=\"tabpanel\"><div class=\"panel-heading\"><h4 class=\"panel-title toggle\"><a aria-expanded=\"false\" aria-selected=\"false\" aria-controls=\"dbedc1e278e997552\" role=\"tab\" data-toggle=\"collapse\" data-parent=\"#accordion-1728-1\" data-target=\"#dbedc1e278e997552\" href=\"#dbedc1e278e997552\"><span class=\"fusion-toggle-icon-wrapper\" aria-hidden=\"true\"><i class=\"fa-fusion-box\"><\/i><\/span><span class=\"fusion-toggle-heading\">12\/04\/2019 ETB KULTURA<\/span><\/a><\/h4><\/div><div id=\"dbedc1e278e997552\" class=\"panel-collapse collapse \"><div class=\"panel-body toggle-content fusion-clearfix\">\n<h3><a href=\"https:\/\/www.eitb.eus\/es\/television\/programas\/eitb-kultura\/videos\/detalle\/6334852\/larart-refugiados-ayer\/\" target=\"_blank\" rel=\"noopener noreferrer\">Larart: Refugiados hoy y ayer<\/a><\/h3>\n<p><span style=\"color: #000000;\">El proyecto Larart une mediante el baile, el cine y las fotos, a los refugiados del campo de Gurs (Francia) de hace 80 a\u00f1os, con los de hoy en d\u00eda.<\/span><\/p>\n<\/div><\/div><\/div><div class=\"fusion-panel panel-default fusion-toggle-no-divider fusion-toggle-boxed-mode\" role=\"tabpanel\"><div class=\"panel-heading\"><h4 class=\"panel-title toggle\"><a aria-expanded=\"false\" aria-selected=\"false\" aria-controls=\"a78d30ae7ac40384f\" role=\"tab\" data-toggle=\"collapse\" data-parent=\"#accordion-1728-1\" data-target=\"#a78d30ae7ac40384f\" href=\"#a78d30ae7ac40384f\"><span class=\"fusion-toggle-icon-wrapper\" aria-hidden=\"true\"><i class=\"fa-fusion-box\"><\/i><\/span><span class=\"fusion-toggle-heading\">04\/04\/2019 EL DIARIO VASCO Zarautz<\/span><\/a><\/h4><\/div><div id=\"a78d30ae7ac40384f\" class=\"panel-collapse collapse \"><div class=\"panel-body toggle-content fusion-clearfix\">\n<h3><a href=\"https:\/\/www.diariovasco.com\/costa-urola\/zarautz\/documental-basotik-itsasora-20190404003654-ntvo.html\" target=\"_blank\" rel=\"noopener noreferrer\">El documental &#8216;Basotik Itsasora&#8217; se preestren\u00f3 ayer en el Modelo Aretoa<\/a><\/h3>\n<p><span style=\"color: #000000;\">\u00abEl documental hace que el espectador reflexione y eso es lo que concretamente buscamos, difundir la reflexi\u00f3n global en torno a la situaci\u00f3n de las personas refugiadas. Visibilizar el problema. Reivindicar la memoria. Avivar la llamada a la solidaridad\u00bb<\/span><\/p>\n<\/div><\/div><\/div><div class=\"fusion-panel panel-default fusion-toggle-no-divider fusion-toggle-boxed-mode\" role=\"tabpanel\"><div class=\"panel-heading\"><h4 class=\"panel-title toggle\"><a aria-expanded=\"false\" aria-selected=\"false\" aria-controls=\"b09657a2a1e214064\" role=\"tab\" data-toggle=\"collapse\" data-parent=\"#accordion-1728-1\" data-target=\"#b09657a2a1e214064\" href=\"#b09657a2a1e214064\"><span class=\"fusion-toggle-icon-wrapper\" aria-hidden=\"true\"><i class=\"fa-fusion-box\"><\/i><\/span><span class=\"fusion-toggle-heading\">04\/04\/2019 ONDA VASCA<\/span><\/a><\/h4><\/div><div id=\"b09657a2a1e214064\" class=\"panel-collapse collapse \"><div class=\"panel-body toggle-content fusion-clearfix\">\n<h3><a href=\"https:\/\/www.ivoox.com\/larart-arte-eta-kultura-migratzailentzat-babesa-audios-mp3_rf_34078550_1.html\" target=\"_blank\" rel=\"noopener noreferrer\">Larart, arte eta kultura migratzailentzat babesa<\/a><\/h3>\n<p><span style=\"color: #000000;\">Errefuxiatuak, artea eta kultura ze lotura izan dezakete? Hauxe da \u00abLarart\u00bb proiektuen sortzaileek, Be\u00f1at Gerekak eta Fernando Sainz de Ugartek, azaldu digutena Gipuzkoako Kale Nagusian. Proiektu honek dantza, ikus-entzunezkoak eta ekintza pedagogikoak batzen ditu<\/span><\/p>\n<\/div><\/div><\/div><div class=\"fusion-panel panel-default fusion-toggle-no-divider fusion-toggle-boxed-mode\" role=\"tabpanel\"><div class=\"panel-heading\"><h4 class=\"panel-title toggle\"><a aria-expanded=\"false\" aria-selected=\"false\" aria-controls=\"3be34b2ad47a961d6\" role=\"tab\" data-toggle=\"collapse\" data-parent=\"#accordion-1728-1\" data-target=\"#3be34b2ad47a961d6\" href=\"#3be34b2ad47a961d6\"><span class=\"fusion-toggle-icon-wrapper\" aria-hidden=\"true\"><i class=\"fa-fusion-box\"><\/i><\/span><span class=\"fusion-toggle-heading\">23\/03\/2019 BERRIA<\/span><\/a><\/h4><\/div><div id=\"3be34b2ad47a961d6\" class=\"panel-collapse collapse \"><div class=\"panel-body toggle-content fusion-clearfix\">\n<h3><a href=\"https:\/\/www.berria.eus\/paperekoa\/1983\/024\/002\/2019-03-23\/errefuxiatuen-auzia-landu-du-dantzaz-ek-larart-proiektuan.htm\" target=\"_blank\" rel=\"noopener noreferrer\">Errefuxiatuen auzia landu du Dantzaz-ek Larart proiektuan<\/a><\/h3>\n<p><span style=\"color: #000000;\">Dokumental eta koreografia bana emango ditu konpainiak, apirilaren 6an, Loraldiaren barruan. Bihar, Verdes liburu denda omenduko dute<\/span><\/p>\n<\/div><\/div><\/div><div class=\"fusion-panel panel-default fusion-toggle-no-divider fusion-toggle-boxed-mode\" role=\"tabpanel\"><div class=\"panel-heading\"><h4 class=\"panel-title toggle\"><a aria-expanded=\"false\" aria-selected=\"false\" aria-controls=\"78fadd94ab9b8108d\" role=\"tab\" data-toggle=\"collapse\" data-parent=\"#accordion-1728-1\" data-target=\"#78fadd94ab9b8108d\" href=\"#78fadd94ab9b8108d\"><span class=\"fusion-toggle-icon-wrapper\" aria-hidden=\"true\"><i class=\"fa-fusion-box\"><\/i><\/span><span class=\"fusion-toggle-heading\">22\/03\/2019 LORALDIA<\/span><\/a><\/h4><\/div><div id=\"78fadd94ab9b8108d\" class=\"panel-collapse collapse \"><div class=\"panel-body toggle-content fusion-clearfix\">\n<h3><a href=\"https:\/\/www.loraldia.eus\/es\/noticias\/el-festival-loraldia-centrara-su-actividad-el-6-de-abril-en-el-proyecto-social-larart\/\" target=\"_blank\" rel=\"noopener noreferrer\">El Festival Loraldia centrar\u00e1 su actividad el 6 de abril en el proyecto social Larart<\/a><\/h3>\n<p><span style=\"color: #000000;\">El proyecto Larart tiene diferentes aspectos y, as\u00ed, une audiovisuales, danza y acciones pedag\u00f3gicas. Por un lado, la producci\u00f3n del documental\u00a0Basotik itsasora;\u00a0en segundo lugar, la exposici\u00f3n de gigantograf\u00edas; \u00a0el trabajo coreogr\u00e1fico\u00a0Basoa;\u00a0y, por \u00faltimo, procesos de mediaci\u00f3n.<\/span><\/p>\n<p><span style=\"color: #000000;\">Este proyecto tiene dos referencias hist\u00f3ricas y geogr\u00e1ficas: \u00a0el campamento de Gurs y el Mediterr\u00e1neo.<\/span><\/p>\n<\/div><\/div><\/div><div class=\"fusion-panel panel-default fusion-toggle-no-divider fusion-toggle-boxed-mode\" role=\"tabpanel\"><div class=\"panel-heading\"><h4 class=\"panel-title toggle\"><a aria-expanded=\"false\" aria-selected=\"false\" aria-controls=\"751b1ece2f87fbdf4\" role=\"tab\" data-toggle=\"collapse\" data-parent=\"#accordion-1728-1\" data-target=\"#751b1ece2f87fbdf4\" href=\"#751b1ece2f87fbdf4\"><span class=\"fusion-toggle-icon-wrapper\" aria-hidden=\"true\"><i class=\"fa-fusion-box\"><\/i><\/span><span class=\"fusion-toggle-heading\">22\/03\/2019 KULTURKLIK - GOBIERNO VASCO<\/span><\/a><\/h4><\/div><div id=\"751b1ece2f87fbdf4\" class=\"panel-collapse collapse \"><div class=\"panel-body toggle-content fusion-clearfix\">\n<h3><a href=\"https:\/\/www.kulturklik.euskadi.eus\/noticia\/2019032111152291\/larart-plataforma-emerger-la-cuestion-de-las-personas-refugiadas-a-traves-del-arte\/kulturklik\/es\/z12-detnewpr\/es\/?ties=AYUDAS%252520Y%252520CONVOCATORIAS&amp;tieu=LAGUNTZAK%252520ETA%252520DEIALDIAK&amp;r01gtipoSubHome=tipoSubHome_Audio\" target=\"_blank\" rel=\"noopener noreferrer\">Larart Plataforma, emerger la cuesti\u00f3n de las personas refugiadas a trav\u00e9s del arte<\/a><\/h3>\n<p><span style=\"color: #000000;\">\u00abUna supervivencia para la que tanto el arte como la cultura desempe\u00f1aban un rol determinante\u00bb<\/span><\/p>\n<\/div><\/div><\/div><div class=\"fusion-panel panel-default fusion-toggle-no-divider fusion-toggle-boxed-mode\" role=\"tabpanel\"><div class=\"panel-heading\"><h4 class=\"panel-title toggle\"><a aria-expanded=\"false\" aria-selected=\"false\" aria-controls=\"05ac0025f2156893d\" role=\"tab\" data-toggle=\"collapse\" data-parent=\"#accordion-1728-1\" data-target=\"#05ac0025f2156893d\" href=\"#05ac0025f2156893d\"><span class=\"fusion-toggle-icon-wrapper\" aria-hidden=\"true\"><i class=\"fa-fusion-box\"><\/i><\/span><span class=\"fusion-toggle-heading\">30\/01\/2019 EL DIARIO VASCO Cultura<\/span><\/a><\/h4><\/div><div id=\"05ac0025f2156893d\" class=\"panel-collapse collapse \"><div class=\"panel-body toggle-content fusion-clearfix\">\n<h3><a href=\"https:\/\/www.diariovasco.com\/culturas\/bosques-gurs-drama-20190130001911-ntvo.html\" target=\"_blank\" rel=\"noopener noreferrer\">De los bosques de Gurs al drama del Mediterr\u00e1neo<\/a><\/h3>\n<\/div><\/div><\/div><\/div><\/div><div class=\"fusion-clearfix\"><\/div>\n\n\t\t\t\t\t<\/div>\n\t\t\t\t<\/div><\/div><\/div><div class=\"fusion-bg-parallax\"  data-bg-align=\"right bottom\" data-direction=\"up\" data-mute=\"false\" data-opacity=\"100\" data-velocity=\"-0.3\" data-mobile-enabled=\"false\" data-break_parents=\"0\" data-bg-image=\"https:\/\/larart.dantzaz.eus\/wp-content\/uploads\/2019\/11\/larart-prentsa-basoa.png\" data-bg-repeat=\"false\" data-bg-height=\"\" data-bg-width=\"\"><\/div><div class=\"fusion-fullwidth fullwidth-box fusion-builder-row-3 fusion-parallax-up nonhundred-percent-fullwidth non-hundred-percent-height-scrolling lazyload\"  style='background-color: rgba(255,255,255,0);background-position: right bottom;background-repeat: no-repeat;padding-top:12%;padding-right:0px;padding-bottom:10%;padding-left:0px;border-top-width:0px;border-bottom-width:0px;border-color:#ffffff;border-top-style:solid;border-bottom-style:solid;-webkit-background-size:cover;-moz-background-size:cover;-o-background-size:cover;background-size:cover;' data-bg=\"https:\/\/larart.dantzaz.eus\/wp-content\/uploads\/2019\/11\/larart-prentsa-basoa.png\"><div class=\"fusion-builder-row fusion-row \"><div  class=\"fusion-layout-column fusion_builder_column fusion_builder_column_1_6 fusion-builder-column-3 fusion-one-sixth fusion-column-first fusion-no-small-visibility 1_6\"  style='margin-top:0px;margin-bottom:0px;width:13.3333%; margin-right: 4%;'>\n\t\t\t\t\t<div class=\"fusion-column-wrapper\" style=\"padding: 0px 0px 0px 0px;background-position:left top;background-repeat:no-repeat;-webkit-background-size:cover;-moz-background-size:cover;-o-background-size:cover;background-size:cover;\"   data-bg-url=\"\">\n\t\t\t\t\t\t<div class=\"fusion-clearfix\"><\/div>\n\n\t\t\t\t\t<\/div>\n\t\t\t\t<\/div><div  class=\"fusion-layout-column fusion_builder_column fusion_builder_column_2_3 fusion-builder-column-4 fusion-two-third 2_3\"  style='margin-top:0px;margin-bottom:0px;width:65.3333%; margin-right: 4%;'>\n\t\t\t\t\t<div class=\"fusion-column-wrapper\" style=\"padding: 0px 0px 0px 0px;background-position:left top;background-repeat:no-repeat;-webkit-background-size:cover;-moz-background-size:cover;-o-background-size:cover;background-size:cover;\"   data-bg-url=\"\">\n\t\t\t\t\t\t<div class=\"fusion-testimonials clean fusion-testimonials-1\" data-random=\"0\" data-speed=\"4000\"><style type=\"text\/css\">#fusion-testimonials-1 a{border-color:#ffffff;}#fusion-testimonials-1 a:hover, #fusion-testimonials-1 .activeSlide{background-color: #ffffff;}.fusion-testimonials.clean.fusion-testimonials-1 .author:after{border-top-color:rgba(246,246,246,0) !important;}<\/style><div class=\"reviews\"><div class=\"review no-avatar\"><blockquote style=\"margin: -25px;background-color:rgba(246,246,246,0);\"><q style=\"background-color:rgba(246,246,246,0);color:#ffffff;\" class=\"fusion-clearfix\">\n<h4 style=\"font-size: 22px; line-height: 44px; text-align: center;\">\u00abHay muchas formas de abordar este dif\u00edcil problema, una de las cuales es interferir con el arte, la creatividad y la cultura\u00bb<\/h4>\n<\/q><\/blockquote><div class=\"author\" style=\"color:#ffffff;\"><span class=\"company-name\"><\/span><\/div><\/div><\/div><\/div><div class=\"fusion-clearfix\"><\/div>\n\n\t\t\t\t\t<\/div>\n\t\t\t\t<\/div><div  class=\"fusion-layout-column fusion_builder_column fusion_builder_column_1_6 fusion-builder-column-5 fusion-one-sixth fusion-column-last fusion-no-small-visibility 1_6\"  style='margin-top:0px;margin-bottom:0px;width:13.3333%'>\n\t\t\t\t\t<div class=\"fusion-column-wrapper\" style=\"padding: 0px 0px 0px 0px;background-position:left top;background-repeat:no-repeat;-webkit-background-size:cover;-moz-background-size:cover;-o-background-size:cover;background-size:cover;\"   data-bg-url=\"\">\n\t\t\t\t\t\t<div class=\"fusion-clearfix\"><\/div>\n\n\t\t\t\t\t<\/div>\n\t\t\t\t<\/div><\/div><\/div><\/p>\n","protected":false},"excerpt":{"rendered":"","protected":false},"author":1,"featured_media":0,"parent":0,"menu_order":0,"comment_status":"closed","ping_status":"closed","template":"100-width.php","meta":{"footnotes":""},"class_list":["post-1728","page","type-page","status-publish","hentry"],"_links":{"self":[{"href":"https:\/\/larart.dantzaz.eus\/es\/wp-json\/wp\/v2\/pages\/1728","targetHints":{"allow":["GET"]}}],"collection":[{"href":"https:\/\/larart.dantzaz.eus\/es\/wp-json\/wp\/v2\/pages"}],"about":[{"href":"https:\/\/larart.dantzaz.eus\/es\/wp-json\/wp\/v2\/types\/page"}],"author":[{"embeddable":true,"href":"https:\/\/larart.dantzaz.eus\/es\/wp-json\/wp\/v2\/users\/1"}],"replies":[{"embeddable":true,"href":"https:\/\/larart.dantzaz.eus\/es\/wp-json\/wp\/v2\/comments?post=1728"}],"version-history":[{"count":25,"href":"https:\/\/larart.dantzaz.eus\/es\/wp-json\/wp\/v2\/pages\/1728\/revisions"}],"predecessor-version":[{"id":1782,"href":"https:\/\/larart.dantzaz.eus\/es\/wp-json\/wp\/v2\/pages\/1728\/revisions\/1782"}],"wp:attachment":[{"href":"https:\/\/larart.dantzaz.eus\/es\/wp-json\/wp\/v2\/media?parent=1728"}],"curies":[{"name":"wp","href":"https:\/\/api.w.org\/{rel}","templated":true}]}}